{"id":816,"date":"2023-04-05T11:21:38","date_gmt":"2023-04-05T09:21:38","guid":{"rendered":"https:\/\/lajarta.com\/carta\/"},"modified":"2025-07-18T12:14:49","modified_gmt":"2025-07-18T10:14:49","slug":"carta","status":"publish","type":"page","link":"https:\/\/lajarta.com\/ca\/carta\/","title":{"rendered":"CARTA"},"content":{"rendered":"\n\n<div class=\"wp-block-cover is-light cartaTOP\"><span aria-hidden=\"true\" class=\"wp-block-cover__background has-white-background-color has-background-dim-100 has-background-dim\"><\/span><div class=\"wp-block-cover__inner-container is-layout-flow wp-block-cover-is-layout-flow\">\n<div class=\"wp-block-columns is-layout-flex wp-container-core-columns-is-layout-9d6595d7 wp-block-columns-is-layout-flex\">\n<div class=\"wp-block-column CARTA is-layout-flow wp-block-column-is-layout-flow\">\n<h4 class=\"wp-block-heading\">FEM UN VERMUTET?<\/h4>\n\n\n\n<ul class=\"wp-block-list\">\n<li><em>Patates xips <strong>2.5<\/strong><\/em><\/li>\n\n\n\n<li><em>Patates xips al pebre sobre flor de sal <strong>2.5<\/strong><\/em><\/li>\n\n\n\n<li><em>Patates xips malaherba <strong>2.5<\/strong><\/em><\/li>\n\n\n\n<li><em>Torresnos ib\u00e8rics <strong>2.95<\/strong><\/em><\/li>\n\n\n\n<li><em>Olives farcides d&#8217;anxova <strong>2.5<\/strong><\/em><\/li>\n\n\n\n<li><em>Olives picantones <strong>2.5<\/strong><\/em><\/li>\n\n\n\n<li><em>Clo\u00efsses blanques al natural <strong>8,75<\/strong><\/em><\/li>\n\n\n\n<li><em>Escopinyes al natural <strong>9<\/strong><\/em><\/li>\n\n\n\n<li><em>Musclos en escabetx <strong>5,9<\/strong><\/em><\/li>\n<\/ul>\n\n\n\n<h4 class=\"wp-block-heading\">LES RIQUES TAPES ANDALUSES<\/h4>\n\n\n\n<ul class=\"wp-block-list\">\n<li><em>Pa de vidre amb tom\u00e0quet i aove o allioli <strong>3.9<\/strong><\/em><\/li>\n\n\n\n<li><em>Flors de carxofes amb cruixent de pernil <strong>12.5<\/strong><\/em><\/li>\n\n\n\n<li><em>Pebrots del padr\u00f3 <strong>7.9<\/strong><\/em><\/li>\n\n\n\n<li><em>Amanida \u201cLa Jart\u00e1\u201d amb gambes <strong>8.5<\/strong><\/em><\/li>\n\n\n\n<li><em>Seitons en vinagre amb llima i pebre rosa <strong>10.9<\/strong><\/em><\/li>\n\n\n\n<li><em>Patates brav\u00edssimes <strong>8.5<\/strong><\/em><\/li>\n\n\n\n<li><em>Patates braves amb salsa \u201cLa Jart\u00e1\u201d <strong>8.5<\/strong><\/em><\/li>\n\n\n\n<li><em>Carn metxada <strong>8.9<\/strong><\/em><\/li>\n\n\n\n<li><em>Chicharrones de Cadis <strong>8.5<\/strong><\/em><\/li>\n\n\n\n<li><em>Aletes fregides acompanyades de salsa de barbacoa <strong>8.9<\/strong><\/em><\/li>\n\n\n\n<li><em>Fingers de pollastre amb mel i mostassa <strong>9.9<\/strong><\/em><\/li>\n\n\n\n<li><em>Torres amb pebrot del Padr\u00f3 <strong>10.5<\/strong><\/em><\/li>\n\n\n\n<li><em>Croquetes de bolets (min 4u) <strong>2.25\/u<\/strong><\/em><\/li>\n\n\n\n<li><em>Croquetes de botifarra (min 4u) <strong>2.3\/u<\/strong><\/em><\/li>\n\n\n\n<li><em>Croquetes de pollastre rostit (min 4u) <strong>2.25\/u<\/strong><\/em><\/li>\n\n\n\n<li><em>Croquetes de pernil ib\u00e8ric (min 4u) <strong>2.25\/u<\/strong><\/em><\/li>\n\n\n\n<li><em>Croquetes de calamarset a la tinta (min 4u) <strong>2.25\/u<\/strong><\/em><\/li>\n\n\n\n<li><em>La croqueta fusi\u00f3 (pollastre amb pernil) (min 4) <strong>2.25\/u<\/strong><\/em><\/li>\n\n\n\n<li><em>Coquines amb all i julivert <strong>14.9<\/strong><\/em><\/li>\n\n\n\n<li><em>Musclos al vapor amb mojito d&#8217;ajolima i julivert <strong>10.5<\/strong><\/em><\/li>\n\n\n\n<li><em>Puntetes a l&#8217;andalusa <strong>12.5<\/strong><\/em><\/li>\n\n\n\n<li><em>Calamars a l&#8217;andalusa <strong>10.5<\/strong><\/em><\/li>\n\n\n\n<li><em>Peixet fregit fresc de Cambrils <strong>8.9<\/strong><\/em><\/li>\n\n\n\n<li><em>Gambes amb allada <strong>11.9<\/strong><\/em><\/li>\n\n\n\n<li><em>Gamba de Huelva <strong>8.5<\/strong><\/em><\/li>\n\n\n\n<li><em>Ca\u00e7\u00f3 en adob <strong>10.5<\/strong><\/em><\/li>\n\n\n\n<li><em>Pavies de bacall\u00e0 en tempura <strong>19.9<\/strong><\/em><\/li>\n\n\n\n<li><em>Bunyol de bacall\u00e0 amb mel i llima <strong>10.5<\/strong><\/em><\/li>\n<\/ul>\n\n\n\n<h4 class=\"wp-block-heading\">PA&#8217; OBRIR BOCA<\/h4>\n\n\n\n<ul class=\"wp-block-list\">\n<li><em>Taula de pernil ib\u00e8ric <strong>18.5<\/strong><\/em><\/li>\n\n\n\n<li><em>Taula de formatges <strong>18.9<\/strong><\/em><\/li>\n\n\n\n<li><em>Pat\u00e9 de cabracho amb becs gurmet <strong>10.5<\/strong><\/em><\/li>\n\n\n\n<li><em>Salmorejo andal\u00fas amb ou i cruixent de pernil ib\u00e8ric i anxova <strong>6.9<\/strong><\/em><\/li>\n\n\n\n<li><em>Amanida de formatge de cabra, gerds i fruits secs <strong>12.9<\/strong><\/em><\/li>\n\n\n\n<li><em>Amanida amb verduretes i vinagreta de mel i mostassa <strong>11.9<\/strong><\/em><\/li>\n\n\n\n<li><em>Carpaccio de tom\u00e0quet \u00c8xtasi amb burrata i oli d&#8217;alf\u00e0brega <strong>12.9<\/strong><\/em><\/li>\n\n\n\n<li><em>Carpaccios vedella Black Angus amb ruca i parmes\u00e0 <strong>15.5<\/strong><\/em><\/li>\n\n\n\n<li><em>Carpaccio de gambes amb caviar d&#8217;all negre i emulsi\u00f3 de wasabi <strong>17.9<\/strong><\/em><\/li>\n\n\n\n<li><em>T\u00e0rtar de dos salmons amb alvocat <strong>17.9<\/strong><\/em><\/li>\n\n\n\n<li><em>Melva i pebrot vermell amb torradetes <strong>10.9<\/strong><\/em><\/li>\n<\/ul>\n<\/div>\n\n\n\n<div class=\"wp-block-column CARTA is-layout-flow wp-block-column-is-layout-flow\">\n<h4 class=\"wp-block-heading\">MOLLETS ANDALUSOS<\/h4>\n\n\n\n<ul class=\"wp-block-list\">\n<li><em>Mollet pernil ib\u00e8ric de gla <strong>9.9<\/strong><\/em><\/li>\n\n\n\n<li><em>Mollet serranito <strong>9.9<\/strong><\/em><\/li>\n\n\n\n<li><em>Mollet formatge Payoyo <strong>8.9<\/strong><\/em><\/li>\n\n\n\n<li><em>Mollete llardons de Cadis <strong>7.9<\/strong><\/em><\/li>\n\n\n\n<li><em>Mollet de carn metxada <strong>7.9<\/strong><\/em><\/li>\n\n\n\n<li><em>Mollet de melva amb tom\u00e0quet &#8216;amaniment&#8217; <strong>9.5<\/strong><\/em><\/li>\n\n\n\n<li><em>Mollet de calamars i allioli c\u00edtric <strong>8.5<\/strong><\/em><\/li>\n\n\n\n<li><em>Mollet de salm\u00f3, alvocat i formatge crema <strong>8.9<\/strong><\/em><\/li>\n<\/ul>\n\n\n\n<h4 class=\"wp-block-heading\">PA&#8217; JARTAR-SE<\/h4>\n\n\n\n<ul class=\"wp-block-list\">\n<li><em>Ous trencats pernil ib\u00e8ric de gla &amp; foie especial \u201cLa Jart\u00e1\u201d <strong>18.5<\/strong><\/em><\/li>\n\n\n\n<li><em>Ous trencats amb pernil ib\u00e8ric <strong>14.5<\/strong><\/em><\/li>\n\n\n\n<li><em>Ous trencats amb foie <strong>14.5<\/strong><\/em><\/li>\n\n\n\n<li><em>Ous trencats amb gambetes fregides <strong>14.5<\/strong><\/em><\/li>\n\n\n\n<li><em>Pop a \u201cLa Jart\u00e1\u201d amb patates i pebre vermell de la Vera <strong>20.9<\/strong><\/em><\/li>\n\n\n\n<li><em>Cua de toro acompanyat de patates a la salsa <strong>24<\/strong><\/em><\/li>\n\n\n\n<li><em>Llangardaix amb patates i pebrots <strong>14.9<\/strong><\/em><\/li>\n\n\n\n<li><em>Entrecot a la brasa amb patates i pebrots del Padr\u00f3 <strong>24<\/strong><\/em><\/li>\n\n\n\n<li><em>Hamburguesa de vedella amb pa brioix, ceba caramel\u00b7litzada, cheddar i salsa acompanyada de patates fregides <strong>14.9<\/strong><\/em><\/li>\n\n\n\n<li><em>Hamburguesa vegana acompanyada de patates fregides <strong>14.9<\/strong><\/em><\/li>\n<\/ul>\n\n\n\n<h4 class=\"wp-block-heading\">EL TEU COS DEMANA SALSA?<\/h4>\n\n\n\n<ul class=\"wp-block-list\">\n<li><em>Salsa allioli c\u00edtric <strong>2.5<\/strong><\/em><\/li>\n\n\n\n<li><em>Salsa brava <strong>2.5<\/strong><\/em><\/li>\n\n\n\n<li><em>Salsa romesco <strong>2.5<\/strong><\/em><\/li>\n\n\n\n<li><em>Maionesa d&#8217;ou fregit <strong>2.5<\/strong><\/em><\/li>\n\n\n\n<li><em>Mostassa antiga <strong>2.5<\/strong><\/em><\/li>\n<\/ul>\n\n\n\n<h4 class=\"wp-block-heading\">UN BUIT PER A LA POSTRES<\/h4>\n\n\n\n<ul class=\"wp-block-list\">\n<li><em>Torrija amb gelat de torr\u00f3 <strong>7.5<\/strong><\/em><\/li>\n\n\n\n<li><em>Past\u00eds de formatge <strong>7.5<\/strong><\/em><\/li>\n\n\n\n<li><em>Coulant de xocolata amb gelat de vainilla <strong>7.5<\/strong><\/em><\/li>\n\n\n\n<li><em>Capritx de xocolata amb gelat de vainilla, ametlla torrada banyat en xocolata <strong>7.5<\/strong><\/em><\/li>\n\n\n\n<li><em>Gelat de xocolata, perles d&#8217;oli i sal <strong>5.9<\/strong><\/em><\/li>\n\n\n\n<li><em>Gra de caf\u00e8 <strong>7.5<\/strong><\/em><\/li>\n\n\n\n<li><em>Bola de gelat o Sorbet <strong>3<\/strong><\/em><\/li>\n<\/ul>\n\n\n\n<h4 class=\"wp-block-heading\">T&#8217;APETEIX UN CAFECITO?<\/h4>\n\n\n\n<ul class=\"wp-block-list\">\n<li><em>Caf\u00e8 nom\u00e9s <strong>1.7<\/strong><\/em><\/li>\n\n\n\n<li><em>Americ\u00e0 <strong>1.8<\/strong><\/em><\/li>\n\n\n\n<li><em>Tallat <strong>1.8<\/strong><\/em><\/li>\n\n\n\n<li><em>Caf\u00e8 amb llet <strong>2.2<\/strong><\/em><\/li>\n\n\n\n<li><em>Carallet <strong>2.9<\/strong><\/em><\/li>\n\n\n\n<li><em>Trif\u00e0sic <strong>2.9<\/strong><\/em><\/li>\n\n\n\n<li><em>Irland\u00e8s <strong>7.5<\/strong><\/em><\/li>\n\n\n\n<li><em><strong>Infusions<\/strong> 2.3<\/em><\/li>\n<\/ul>\n<\/div>\n<\/div>\n<\/div><\/div>\n\n<div class=\"wp-block-cover is-light cartaTOP\"><span aria-hidden=\"true\" class=\"wp-block-cover__background has-background-dim-100 has-background-dim\" style=\"background-color:#f2f5f7\"><\/span><div class=\"wp-block-cover__inner-container is-layout-flow wp-block-cover-is-layout-flow\">\n<div class=\"wp-block-columns is-layout-flex wp-container-core-columns-is-layout-9d6595d7 wp-block-columns-is-layout-flex\">\n<div class=\"wp-block-column CARTA is-layout-flow wp-block-column-is-layout-flow\">\n<h4 class=\"wp-block-heading\">C\u00d2CTELS I COMBINATS<\/h4>\n\n\n\n<ul class=\"wp-block-list\">\n<li>Mojito Coco\/ S\u00edndria \/ M\u00e0nec\/ Maduixa\/ Pinya <em><strong>8.50\u20ac<\/strong><\/em><\/li>\n\n\n\n<li>Caipirinha Coco\/ S\u00edndria \/ M\u00e0nec\/ Maduixa\/ Pinya <em><strong>8.50\u20ac<\/strong><\/em><\/li>\n\n\n\n<li>Rebutllet <em><strong>7.50\u20ac<\/strong><\/em><\/li>\n\n\n\n<li>Sex on the beach <em><strong>8.50\u20ac<\/strong><\/em><\/li>\n\n\n\n<li>Pinya bugada <em><strong>8.50\u20ac<\/strong><\/em><\/li>\n\n\n\n<li>Daiquiri Coco\/ S\u00edndria \/ M\u00e0nec\/ Maduixa\/ Pinya <em><strong>8.50\u20ac<\/strong><\/em><\/li>\n\n\n\n<li>Sant Francesc <em><strong>8.50\u20ac<\/strong><\/em><\/li>\n\n\n\n<li>Sant Francesc sense alcohol <em><strong>7.50\u20ac<\/strong><\/em><\/li>\n\n\n\n<li>Hawaiian surf: mango, pinya, coco i suc de taronja <em><strong>7.50\u20ac<\/strong><\/em><\/li>\n\n\n\n<li>Combinats <em><strong>8\u20ac<\/strong><\/em><\/li>\n\n\n\n<li>Combinats premium <em><strong>9\u20ac<\/strong><\/em><\/li>\n<\/ul>\n<\/div>\n\n\n\n<div class=\"wp-block-column CARTA is-layout-flow wp-block-column-is-layout-flow\">\n<h4 class=\"wp-block-heading\">BEGUDES<\/h4>\n\n\n\n<ul class=\"wp-block-list\">\n<li>Refrescs 200 ml <em><strong>2.80\u20ac<\/strong><\/em><\/li>\n\n\n\n<li>Refrescs 350 ml <em><strong>3.50\u20ac<\/strong><\/em><\/li>\n\n\n\n<li>Mitja Estrella <em><strong>3\u20ac<\/strong><\/em><\/li>\n\n\n\n<li>Canya barril Estrella <strong><em>2.80\u20ac<\/em><\/strong><\/li>\n\n\n\n<li>Canya barril Tulia <em><strong>2.90\u20ac<\/strong><\/em><\/li>\n\n\n\n<li>Gerra barril <em><strong>4.50\u20ac<\/strong><\/em><\/li>\n\n\n\n<li>Cervesa sense alcohol <em><strong>3.50\u20ac<\/strong><\/em><\/li>\n\n\n\n<li>Aigua 50ml <em><strong>3.50\u20ac<\/strong><\/em><\/li>\n\n\n\n<li>Aigua amb gas <em><strong>3\u20ac<\/strong><\/em><\/li>\n\n\n\n<li>Sucs <em><strong>2.50\u20ac<\/strong><\/em><\/li>\n<\/ul>\n<\/div>\n<\/div>\n<\/div><\/div>\n\n<div class=\"wp-block-cover is-light cartaTOP\"><span aria-hidden=\"true\" class=\"wp-block-cover__background has-background-dim-100 has-background-dim\" style=\"background-color:#f6f1e4\"><\/span><div class=\"wp-block-cover__inner-container is-layout-flow wp-block-cover-is-layout-flow\">\n<h2 class=\"wp-block-heading\">CARTA DE VINS<\/h2>\n\n\n\n<div class=\"wp-block-columns is-layout-flex wp-container-core-columns-is-layout-9d6595d7 wp-block-columns-is-layout-flex\">\n<div class=\"wp-block-column CARTA is-layout-flow wp-block-column-is-layout-flow\">\n<h4 class=\"wp-block-heading\">VINS AMB XISPITA<\/h4>\n\n\n\n<p>Flama d\u00b4Or Brut DO Cava-Xarel.lo, Macabeu i Parellada <strong><em>3.5\u20ac<\/em><\/strong> <strong><em>19\u20ac<\/em><\/strong><br\/> Pura pera a la boca amb notes de pastisseria. S\u00faper fi <\/p>\n\n\n\n<p>Flama d\u00b4Or Brut Rosat DO Cava-Trepat <strong><em>3.5\u20ac<\/em><\/strong> <strong><em>19\u20ac<\/em><\/strong><br\/> Olor de roses fresques, sabor de s\u00edndria i maduixes s\u00faper llaminer<\/p>\n\n\n\n<p>Flama d\u00b4Or Brut Nature DO Cava-Xarel.lo, Macabeu i Parellada <strong><em>3.5\u20ac<\/em><\/strong> <strong><em>19\u20ac<\/em><\/strong><br\/> El nostre m\u00e9s sec cava amb poma verda i floral, s\u00faper fresquet<\/p>\n\n\n\n<p>Sol de Nit Charmat Blanc o Rosat-mateixes varietats que el cava <strong><em>14\u20ac<\/em><\/strong><br\/> Amb notes de fruites tropicals i llepolies molt llaminer<\/p>\n\n\n\n<h4 class=\"wp-block-heading\">DE JEREZ AMB XIRIGOTES<\/h4>\n\n\n\n<p>Fi Jarana de Lustau-Palomino <strong><em>3.5\u20ac<\/em><\/strong> <strong><em>27\u20ac<\/em><\/strong><br\/> De color palla p\u00e0l\u00b7lid, d&#8217;aroma punxant, ametllat i mineral.<\/p>\n\n\n\n<p>Camamilla \u201cPapirusa\u201d de Lustau-Palomino <strong><em>3.5\u20ac<\/em><\/strong> <strong><em>27\u20ac<\/em><\/strong><br\/> La brisa marina reflectida de Sanl\u00facar de Barrameda, salinitat per bandera<\/p>\n\n\n\n<p>Olor\u00f3s Ballin d&#8217;Osborne-Palomino <strong><em>3.5\u20ac<\/em><\/strong> <strong><em>27\u20ac<\/em><\/strong><br\/> Arom\u00e0tic notes de vainilla, nous i casc vell de roure<\/p>\n\n\n\n<h4 class=\"wp-block-heading\">AMB UNA MILLETA DE COLOR<\/h4>\n\n\n\n<p>Cossetania Rosat DO Pened\u00e8s-Merlot <strong><em>3.5\u20ac<\/em><\/strong> <strong><em>19\u20ac<\/em><\/strong><br\/> Notes florals cirera i gominoles a la boca<\/p>\n\n\n\n<p>Augustus Primer Rosat DO Pened\u00e8s-Cabernet sauvignon, Merlot <strong><em>23\u20ac<\/em><\/strong><br\/> Amb bona estructura maduixa, s\u00edndria i notes dolces equilibrades<\/p>\n\n\n\n<h4 class=\"wp-block-heading\">BLANCS PAL TAPEU<\/h4>\n\n\n\n<p>Peramor DO Rueda-Verdejo <strong><em>3.5\u20ac<\/em><\/strong> <strong><em>19\u20ac<\/em><\/strong><br\/> Fruita fresca amb notes herb\u00e0cies i \u00e0cides<\/p>\n\n\n\n<p>Cosset\u00e0nia DO Pened\u00e8s-Xarel.lo <strong><em>3.5\u20ac<\/em><\/strong> <strong><em>20\u20ac<\/em><\/strong><br\/> La festa de la pinya en boca amb la fam\u00edlia del tr\u00f2pic present<\/p>\n\n\n\n<p>Castell d\u00b4Or DO Terra Alta-Garnatxa blanca <strong><em>3.5\u20ac<\/em><\/strong> <strong><em>20\u20ac<\/em><\/strong><br\/> Amb cos i ben estructurat, fruita horta i c\u00edtrics.<\/p>\n\n\n\n<p>Mariol Verdejo DO Terra Alta-Verdejo <strong><em>18\u20ac<\/em><\/strong><br\/> Fruita tropical i records de pinya s\u00faper lleuger<\/p>\n\n\n\n<p>Frey\u00e9 DO Pened\u00e8s-Muscat i Parellada <strong><em>23\u20ac<\/em><\/strong><br\/> Afruitat amb fruita de pinyol present, pr\u00e9ssec<\/p>\n\n\n\n<p>Augustus Primer Blanc DO Pened\u00e8s-Xarel.lo sauvignon blanc &amp; Muscat <strong><em>22\u20ac<\/em><\/strong><br\/> Fruita blanca amb fons herbaci molt mediterrani<\/p>\n\n\n\n<p>Ramon Bilbao DO Rueda-Verdejo <strong><em>21\u20ac<\/em><\/strong><br\/> Fonoll i anisats amb fruita blanca<\/p>\n\n\n\n<p>La Conilla DO Montsant-Macabeu i Garnatxa blanca <strong><em>21\u20ac<\/em><\/strong><br\/> Vi gastron\u00f2mic mineral i arom\u00e0tic<\/p>\n\n\n\n<p>Montecillo fermentat a Barrica DOC Rioja-Viura, S. Blanc, Ull de llebre blanc <strong><em>24\u20ac<\/em><\/strong><br\/> Maracui\u00e0 i aranja amb una acidesa fresca i equilibrada<\/p>\n\n\n\n<p>Pazo Se\u00f1orans DO Rias Baixas-Albari\u00f1o <strong><em>36\u20ac<\/em><\/strong><br\/> Floral amb fruita madura fresca i mineral<\/p>\n\n\n\n<p>Rocafosca Blanc DOQ Priorat-Garnatxa, Macabeu, Pedro Ximenez, Moscatell <strong><em>34\u20ac<\/em><\/strong><br\/> C\u00edtric i notes de fruita seca torrada amb una mica de fumats<\/p>\n\n\n\n<h4 class=\"wp-block-heading\"><\/h4>\n<\/div>\n\n\n\n<div class=\"wp-block-column CARTA is-layout-flow wp-block-column-is-layout-flow\">\n<h4 class=\"wp-block-heading\">TINTORRE DEL \u201cGUE\u201d<\/h4>\n\n\n\n<p>Cosset\u00e0nia DO Pened\u00e8s-Cabernet Sauvignon, Merlot <strong><em>3.5\u20ac<\/em><\/strong> <strong><em>20\u20ac<\/em><\/strong><br\/> Fruita vermella i esp\u00e8cies, c\u00e0lid amb bona estructura<\/p>\n\n\n\n<p>Templer DO Montsant-Garnatxa i Carinyena <strong><em>3.8\u20ac<\/em><\/strong> <strong><em>22\u20ac<\/em><\/strong><br\/> Fruita vermella i de bosc ben combinades amb mineralitat<\/p>\n\n\n\n<p>Dorium Roure Thesaurus DO Ribera del Duero-Tinta fina <strong><em>4\u20ac<\/em><\/strong> <strong><em>23\u20ac<\/em><\/strong><br\/> Fruita madura marcada amb notes de vainilla i fumat del roure<\/p>\n\n\n\n<p>Beronia Crianza DOQ Rioja-Tempranillo, Garnatxa, Graciano <strong><em>4\u20ac<\/em><\/strong> <strong><em>23\u20ac<\/em><\/strong><br\/> Fruita vermella madura i viva amb un pas per boca estructurat<\/p>\n\n\n\n<p>Mariol Crian\u00e7a DO Terra Alta-Carinyena <strong><em>21\u20ac<\/em><\/strong><br\/> Fruita de bosc madurada, amb notes de coco, clau i esp\u00e8cies<\/p>\n\n\n\n<p>Mauro DO Castella i Lle\u00f3-Tempranillo, Syrah, Cabernet Sauvignon, Graciano <strong><em>70\u20ac<\/em><\/strong><br\/> Fruita vermella confitada i lleugera amb tan\u00ed ben integrat<\/p>\n\n\n\n<p>Esplugen DOQ Priorat-Carinyena i Garnatxa <strong><em>24\u20ac<\/em><\/strong><br\/> Perfil cl\u00e0ssic de Priorat amb 10 mesos de bota, complex i amb cos<\/p>\n\n\n\n<p>Augustus Primer Negre DO Pened\u00e8s-Merlot, Garnatxa i Ull de Llebre <strong><em>24\u20ac<\/em><\/strong><br\/> Aromes florals com violeta i intensos sabors a grosella i cireres<\/p>\n\n\n\n<p>Montecillo Crianza DOC Rioja-Tempranillo, Mazuelo <strong><em>23\u20ac<\/em><\/strong><br\/> Fruita vermella i acidesa equilibrada, agradable a la boca<\/p>\n\n\n\n<p>Azpilicueta Crian\u00e7a DOC Rioja-Tempranillo, Graciano, Mazuelo <strong><em>25\u20ac<\/em><\/strong><br\/> Fusta torrada amb vainilla i els seus fruits vermells marcats<\/p>\n\n\n\n<p>Ram\u00f3n Bilbao Crian\u00e7a DOQ Rioja-Tempranillo <strong><em>22\u20ac<\/em><\/strong><br\/> Fruita vermella, notes de roure amb vainilla i regal\u00e8ssia<\/p>\n\n\n\n<p>Augustus Cabernet Franc DO Pened\u00e8s-Cabernet Franc <strong><em>30\u20ac<\/em><\/strong><br\/> Violacis molt marcats amb fruita vermella i de bosc madura, fusta ben integrada<\/p>\n\n\n\n<p>Abadia Retuerta Selecci\u00f3 Especial DO Abadia Retuerta-Tempranillo, CS, Syrah <strong><em>48\u20ac<\/em><\/strong><br\/> Perfumat amb matisos de fruita negra i vermella confitada amb fusta ben integrada<\/p>\n\n\n\n<p>Emili Moro La Felisa DO Ribera del Duero-Tempranillo <strong><em>55\u20ac<\/em><\/strong><br\/> Fruita molt viva persistent amb aromes delicades del seu pas per b\u00f3ta<\/p>\n\n\n\n<h4 class=\"wp-block-heading\">PA LA SOBRETAULA<\/h4>\n\n\n\n<p>Sant Emili PX Lustau\u2013Pedro Ximenez <strong><em>4\u20ac<\/em><\/strong> <strong><em>39\u20ac<\/em><\/strong><\/p>\n\n\n\n<p>Solera 1847 Cream Gonzalez Byass-Palomino fi, Pedro Ximenez <strong><em>4\u20ac<\/em><\/strong> <strong><em>39\u20ac<\/em><\/strong><\/p>\n\n\n\n<h4 class=\"wp-block-heading\">MOLT ELS NOSTRES, LES Sangries i els seus cosins<\/h4>\n\n\n\n<p>Sangria NEGRE LOLEA <strong><em>17\u20ac<\/em><\/strong><\/p>\n\n\n\n<p>Sangria LOLEA Blanca Spritz c\u00edtrica <strong><em>18\u20ac<\/em><\/strong><\/p>\n\n\n\n<p>Sangria de Cava 1L <strong><em>19\u20ac<\/em><\/strong><\/p>\n\n\n\n<p>Rebuixet Fino Croft Twist <strong><em>16\u20ac<\/em><\/strong><\/p>\n\n\n\n<p>Copa de Negre d&#8217;Estiu <strong><em>4\u20ac<\/em><\/strong><\/p>\n<\/div>\n<\/div>\n<\/div><\/div>\n","protected":false},"excerpt":{"rendered":"","protected":false},"author":1,"featured_media":0,"parent":0,"menu_order":0,"comment_status":"closed","ping_status":"closed","template":"","meta":{"footnotes":""},"class_list":["post-816","page","type-page","status-publish","hentry"],"_links":{"self":[{"href":"https:\/\/lajarta.com\/ca\/wp-json\/wp\/v2\/pages\/816","targetHints":{"allow":["GET"]}}],"collection":[{"href":"https:\/\/lajarta.com\/ca\/wp-json\/wp\/v2\/pages"}],"about":[{"href":"https:\/\/lajarta.com\/ca\/wp-json\/wp\/v2\/types\/page"}],"author":[{"embeddable":true,"href":"https:\/\/lajarta.com\/ca\/wp-json\/wp\/v2\/users\/1"}],"replies":[{"embeddable":true,"href":"https:\/\/lajarta.com\/ca\/wp-json\/wp\/v2\/comments?post=816"}],"version-history":[{"count":20,"href":"https:\/\/lajarta.com\/ca\/wp-json\/wp\/v2\/pages\/816\/revisions"}],"predecessor-version":[{"id":3954,"href":"https:\/\/lajarta.com\/ca\/wp-json\/wp\/v2\/pages\/816\/revisions\/3954"}],"wp:attachment":[{"href":"https:\/\/lajarta.com\/ca\/wp-json\/wp\/v2\/media?parent=816"}],"curies":[{"name":"wp","href":"https:\/\/api.w.org\/{rel}","templated":true}]}}