{"id":817,"date":"2023-04-05T11:21:38","date_gmt":"2023-04-05T09:21:38","guid":{"rendered":"https:\/\/lajarta.com\/letter\/"},"modified":"2025-07-18T12:14:49","modified_gmt":"2025-07-18T10:14:49","slug":"carta","status":"publish","type":"page","link":"https:\/\/lajarta.com\/en\/carta\/","title":{"rendered":"MENU"},"content":{"rendered":"\n\n<div class=\"wp-block-cover is-light cartaTOP\"><span aria-hidden=\"true\" class=\"wp-block-cover__background has-white-background-color has-background-dim-100 has-background-dim\"><\/span><div class=\"wp-block-cover__inner-container is-layout-flow wp-block-cover-is-layout-flow\">\n<div class=\"wp-block-columns is-layout-flex wp-container-core-columns-is-layout-9d6595d7 wp-block-columns-is-layout-flex\">\n<div class=\"wp-block-column CARTA is-layout-flow wp-block-column-is-layout-flow\">\n<h4 class=\"wp-block-heading\">SHALL WE MAKE A VERMUTILLO?<\/h4>\n\n\n\n<ul class=\"wp-block-list\">\n<li><em>Potato chips <strong>2.5<\/strong><\/em><\/li>\n\n\n\n<li><em>Pepper chips on fleur de sel <strong>2.5<\/strong><\/em><\/li>\n\n\n\n<li><em>Malahierba potato chips <strong>2.5<\/strong><\/em><\/li>\n\n\n\n<li><em>Iberian torreznos <strong>2.95<\/strong><\/em><\/li>\n\n\n\n<li><em>Olives stuffed with anchovy <strong>2.5<\/strong><\/em><\/li>\n\n\n\n<li><em>Spicy olives <strong>2.5<\/strong><\/em><\/li>\n\n\n\n<li><em>Natural white clams <strong>8,75<\/strong><\/em><\/li>\n\n\n\n<li><em>Cockles natural <strong>9<\/strong><\/em><\/li>\n\n\n\n<li><em>Mussels in pickled sauce <strong>5.9<\/strong><\/em><\/li>\n<\/ul>\n\n\n\n<h4 class=\"wp-block-heading\">THE DELICIOUS ANDALUSIAN TAPAS<\/h4>\n\n\n\n<ul class=\"wp-block-list\">\n<li><em>Glass bread with tomato and olive oil or aioli <strong>3.9<\/strong><\/em><\/li>\n\n\n\n<li><em>Artichoke flowers with crispy ham <strong>12.5<\/strong><\/em><\/li>\n\n\n\n<li><em>Padron peppers <strong>7.9<\/strong><\/em><\/li>\n\n\n\n<li><em>La Jart\u00e1&#8221; salad with shrimp <strong>8.5<\/strong><\/em><\/li>\n\n\n\n<li><em>Anchovies in vinegar with lime and pink pepper <strong>10.9<\/strong><\/em><\/li>\n\n\n\n<li><em>Crispy potatoes <strong>8.5<\/strong><\/em><\/li>\n\n\n\n<li><em>Patatas bravas with &#8220;La Jart\u00e1&#8221; sauce <strong>8.5<\/strong><\/em><\/li>\n\n\n\n<li><em>Carne mechada <strong>8.9<\/strong><\/em><\/li>\n\n\n\n<li><em>Chicharrones de C\u00e1diz <strong>8.5<\/strong><\/em><\/li>\n\n\n\n<li><em>Fried wings with barbecue sauce <strong>8.9<\/strong><\/em><\/li>\n\n\n\n<li><em>Chicken Fingers with honey mustard <strong>9.9<\/strong><\/em><\/li>\n\n\n\n<li><em>Torreznos with Padr\u00f3n bell pepper <strong>10.5<\/strong><\/em><\/li>\n\n\n\n<li><em>Mushroom croquettes (min 4u) <strong>2.25\/u<\/strong><\/em><\/li>\n\n\n\n<li><em>Blood sausage croquettes (min 4u) <strong>2.3\/u<\/strong><\/em><\/li>\n\n\n\n<li><em>Roasted chicken croquettes (min 4u) <strong>2.25\/u<\/strong><\/em><\/li>\n\n\n\n<li><em>Iberian ham croquettes (min 4u) <strong>2.25\/u<\/strong><\/em><\/li>\n\n\n\n<li><em>Squid croquettes in its own ink (min 4u) <strong>2.25\/u<\/strong><\/em><\/li>\n\n\n\n<li><em>The fusion croquette (chicken with ham) (min 4) <strong>2.25\/u<\/strong><\/em><\/li>\n\n\n\n<li><em>Coquinas with garlic and parsley <strong>14.9<\/strong><\/em><\/li>\n\n\n\n<li><em>Steamed mussels with ajolima mojito and parsley <strong>10.5<\/strong><\/em><\/li>\n\n\n\n<li><em>Andalusian style lace <strong>12.5<\/strong><\/em><\/li>\n\n\n\n<li><em>Squid Andalusian style <strong>10.5<\/strong><\/em><\/li>\n\n\n\n<li><em>Fresh fried fish from Cambrils <strong>8.9<\/strong><\/em><\/li>\n\n\n\n<li><em>Garlic shrimp <strong>11.9<\/strong><\/em><\/li>\n\n\n\n<li><em>Huelva shrimp <strong>8.5<\/strong><\/em><\/li>\n\n\n\n<li><em>Marinated dogfish <strong>10.5<\/strong><\/em><\/li>\n\n\n\n<li><em>Codfish tempura turkey <strong>19.9<\/strong><\/em><\/li>\n\n\n\n<li><em>Cod fritter with honey and lime <strong>10.5<\/strong><\/em><\/li>\n<\/ul>\n\n\n\n<h4 class=\"wp-block-heading\">TO OPEN THEIR MOUTHS<\/h4>\n\n\n\n<ul class=\"wp-block-list\">\n<li><em>Iberian ham board <strong>18.5<\/strong><\/em><\/li>\n\n\n\n<li><em>Cheese board <strong>18.9<\/strong><\/em><\/li>\n\n\n\n<li><em>Scorpion fish pate with gourmet peaks <strong>10.5<\/strong><\/em><\/li>\n\n\n\n<li><em>Andalusian Salmorejo with egg and crispy Iberian ham and anchovy <strong>6.9<\/strong><\/em><\/li>\n\n\n\n<li><em>Goat cheese, raspberry and dried fruit salad <strong>12.9<\/strong><\/em><\/li>\n\n\n\n<li><em>Salad with vegetables and honey mustard vinaigrette <strong>11.9<\/strong><\/em><\/li>\n\n\n\n<li><em>Ecstasy tomato carpaccio with burrata and basil oil <strong>12.9<\/strong><\/em><\/li>\n\n\n\n<li><em>Black Angus beef carpaccios with arugula and parmesan<strong> 15.5<\/strong><\/em><\/li>\n\n\n\n<li><em>Shrimp carpaccio with black garlic caviar and wasabi emulsion <strong>17.9<\/strong><\/em><\/li>\n\n\n\n<li><em>Tartar of two salmon with avocado <strong>17.9<\/strong><\/em><\/li>\n\n\n\n<li><em>Melva and red bell pepper with toast <strong>10.9<\/strong><\/em><\/li>\n<\/ul>\n<\/div>\n\n\n\n<div class=\"wp-block-column CARTA is-layout-flow wp-block-column-is-layout-flow\">\n<h4 class=\"wp-block-heading\">ANDALUSIAN MUFFINS<\/h4>\n\n\n\n<ul class=\"wp-block-list\">\n<li><em>Mollete Iberian acorn-fed ham <strong>9.9<\/strong><\/em><\/li>\n\n\n\n<li><em>Mollete serranito <strong>9.9<\/strong><\/em><\/li>\n\n\n\n<li><em>Payoyo cheese muffin <strong>8.9<\/strong><\/em><\/li>\n\n\n\n<li><em>Mollete chicharrones de C\u00e1diz <strong>7.9<\/strong><\/em><\/li>\n\n\n\n<li><em>Mollete de carne mechada <strong>7.9<\/strong><\/em><\/li>\n\n\n\n<li><em>Mollete of frigate tuna with tomato &#8216;ali\u00f1ao&#8217; <strong>9.5<\/strong><\/em><\/li>\n\n\n\n<li><em>Calamari and citrus aioli mollete <strong>8.5<\/strong><\/em><\/li>\n\n\n\n<li><em>Salmon, avocado and cream cheese muffin <strong>8.9<\/strong><\/em><\/li>\n<\/ul>\n\n\n\n<h4 class=\"wp-block-heading\">TO FREAK OUT<\/h4>\n\n\n\n<ul class=\"wp-block-list\">\n<li><em>Scrambled eggs with Iberian acorn-fed ham &amp; special foie &#8220;La Jart\u00e1&#8221; <strong>18.5<\/strong><\/em><\/li>\n\n\n\n<li><em>Scrambled eggs with Iberian ham <strong>14.5<\/strong><\/em><\/li>\n\n\n\n<li><em>Scrambled eggs with foie <strong>14.5<\/strong><\/em><\/li>\n\n\n\n<li><em>Scrambled eggs with fried shrimp <strong>14.5<\/strong><\/em><\/li>\n\n\n\n<li><em>Octopus &#8220;La Jart\u00e1&#8221; with potatoes and paprika from La Vera <strong>20.9<\/strong><\/em><\/li>\n\n\n\n<li><em>Oxtail accompanied by potatoes in sauce <strong>24<\/strong><\/em><\/li>\n\n\n\n<li><em>Alligator with potatoes and peppers <strong>14.9<\/strong><\/em><\/li>\n\n\n\n<li><em>Grilled entrecote with potatoes and Padr\u00f3n peppers <strong>24<\/strong><\/em><\/li>\n\n\n\n<li><em>Beef burger with brioche bun, caramelized onion, cheddar and sauce served with french fries <strong>14.9<\/strong><\/em><\/li>\n\n\n\n<li><em>Vegan hamburger with french fries <strong>14.9<\/strong><\/em><\/li>\n<\/ul>\n\n\n\n<h4 class=\"wp-block-heading\">IS YOUR BODY ASKING FOR SALSA?<\/h4>\n\n\n\n<ul class=\"wp-block-list\">\n<li><em>Citrus aioli sauce <strong>2.5<\/strong><\/em><\/li>\n\n\n\n<li><em>Salsa brava <strong>2.5<\/strong><\/em><\/li>\n\n\n\n<li><em>Romesco sauce <strong>2.5<\/strong><\/em><\/li>\n\n\n\n<li><em>Fried egg mayonnaise <strong>2.5<\/strong><\/em><\/li>\n\n\n\n<li><em>Old mustard <strong>2.5<\/strong><\/em><\/li>\n<\/ul>\n\n\n\n<h4 class=\"wp-block-heading\">A PLACE FOR DESSERT<\/h4>\n\n\n\n<ul class=\"wp-block-list\">\n<li><em>Torrija with nougat ice cream <strong>7.5<\/strong><\/em><\/li>\n\n\n\n<li><em>Cheesecake <strong>7.5<\/strong><\/em><\/li>\n\n\n\n<li><em>Chocolate coulant with vanilla ice cream <strong>7.5<\/strong><\/em><\/li>\n\n\n\n<li><em>Chocolate caprice with vanilla ice cream, toasted almond dipped in chocolate <strong>7.5<\/strong><\/em><\/li>\n\n\n\n<li><em>Chocolate ice cream, oil pearls and salt <strong>5.9<\/strong><\/em><\/li>\n\n\n\n<li><em>Coffee bean <strong>7.5<\/strong><\/em><\/li>\n\n\n\n<li><em>Ice cream ball or Sorbet <strong>3<\/strong><\/em><\/li>\n<\/ul>\n\n\n\n<h4 class=\"wp-block-heading\">WOULD YOU LIKE A CUP OF COFFEE?<\/h4>\n\n\n\n<ul class=\"wp-block-list\">\n<li><em>Black coffee <strong>1.7<\/strong><\/em><\/li>\n\n\n\n<li><em>American <strong>1.8<\/strong><\/em><\/li>\n\n\n\n<li><em>Cut <strong>1.8<\/strong><\/em><\/li>\n\n\n\n<li><em>Coffee with milk <strong>2.2<\/strong><\/em><\/li>\n\n\n\n<li><em>Carajillo <strong>2.9<\/strong><\/em><\/li>\n\n\n\n<li><em>Three-phase <strong>2.9<\/strong><\/em><\/li>\n\n\n\n<li><em>Irish <strong>7.5<\/strong><\/em><\/li>\n\n\n\n<li><em><strong>Infusions <\/strong>2.3<\/em><\/li>\n<\/ul>\n<\/div>\n<\/div>\n<\/div><\/div>\n\n<div class=\"wp-block-cover is-light cartaTOP\"><span aria-hidden=\"true\" class=\"wp-block-cover__background has-background-dim-100 has-background-dim\" style=\"background-color:#f2f5f7\"><\/span><div class=\"wp-block-cover__inner-container is-layout-flow wp-block-cover-is-layout-flow\">\n<div class=\"wp-block-columns is-layout-flex wp-container-core-columns-is-layout-9d6595d7 wp-block-columns-is-layout-flex\">\n<div class=\"wp-block-column CARTA is-layout-flow wp-block-column-is-layout-flow\">\n<h4 class=\"wp-block-heading\">COCKTAILS AND MIXED DRINKS<\/h4>\n\n\n\n<ul class=\"wp-block-list\">\n<li>Mojito Coconut\/ Watermelon\/ Mango\/ Strawberry\/ Pineapple<em> <strong>8.50\u20ac<\/strong><\/em><\/li>\n\n\n\n<li>Caipirinha Coconut\/ Watermelon\/ Mango\/ Strawberry\/ Pineapple <em> <strong>8.50\u20ac<\/strong><\/em><\/li>\n\n\n\n<li>Rebujito<em> <strong>7.50\u20ac<\/strong><\/em><\/li>\n\n\n\n<li>Sex on the beach<em> <strong>8.50\u20ac<\/strong><\/em><\/li>\n\n\n\n<li>Pi\u00f1a colada<em> <strong>8.50\u20ac<\/strong><\/em><\/li>\n\n\n\n<li>Coconut\/ Watermelon\/ Mango\/ Strawberry\/ Pineapple Daiquiri<em> <strong>8.50\u20ac<\/strong><\/em><\/li>\n\n\n\n<li>San Francisco<em> <strong>8.50\u20ac<\/strong><\/em><\/li>\n\n\n\n<li>San Francisco non-alcoholic <em> <strong>7.50\u20ac<\/strong><\/em><\/li>\n\n\n\n<li>Hawaiian surfer: mango, pineapple, coconut and orange juice <em> <strong>7.50\u20ac<\/strong><\/em><\/li>\n\n\n\n<li>Combined<em> <strong>8\u20ac<\/strong><\/em><\/li>\n\n\n\n<li>Premium Combinations <em> <strong>9\u20ac<\/strong><\/em><\/li>\n<\/ul>\n<\/div>\n\n\n\n<div class=\"wp-block-column CARTA is-layout-flow wp-block-column-is-layout-flow\">\n<h4 class=\"wp-block-heading\">BEVERAGES<\/h4>\n\n\n\n<ul class=\"wp-block-list\">\n<li>Soft drinks 200 ml <em><strong>2.80\u20ac<\/strong><\/em><\/li>\n\n\n\n<li>Soft drinks 350 ml <em><strong>3.50\u20ac<\/strong><\/em><\/li>\n\n\n\n<li>Medium Star <em><strong>3\u20ac<\/strong><\/em><\/li>\n\n\n\n<li>Estrella barrel cane<strong> <em>2.80\u20ac<\/em><\/strong><\/li>\n\n\n\n<li>Tulia barrel cane <em><strong>2.90\u20ac<\/strong><\/em><\/li>\n\n\n\n<li>Barrel carafe <em><strong>4.50\u20ac<\/strong><\/em><\/li>\n\n\n\n<li>Non-alcoholic beer <em><strong>3.50\u20ac<\/strong><\/em><\/li>\n\n\n\n<li>Water 50ml <em><strong>3.50\u20ac<\/strong><\/em><\/li>\n\n\n\n<li>Sparkling water <em><strong>3\u20ac<\/strong><\/em><\/li>\n\n\n\n<li>Juices <em><strong>2.50\u20ac<\/strong><\/em><\/li>\n<\/ul>\n<\/div>\n<\/div>\n<\/div><\/div>\n\n<div class=\"wp-block-cover is-light cartaTOP\"><span aria-hidden=\"true\" class=\"wp-block-cover__background has-background-dim-100 has-background-dim\" style=\"background-color:#f6f1e4\"><\/span><div class=\"wp-block-cover__inner-container is-layout-flow wp-block-cover-is-layout-flow\">\n<h2 class=\"wp-block-heading\">WINE LIST<\/h2>\n\n\n\n<div class=\"wp-block-columns is-layout-flex wp-container-core-columns-is-layout-9d6595d7 wp-block-columns-is-layout-flex\">\n<div class=\"wp-block-column CARTA is-layout-flow wp-block-column-is-layout-flow\">\n<h4 class=\"wp-block-heading\">WINES WITH XISPITA<\/h4>\n\n\n\n<p>Flama d&#8217;Or Brut DO Cava-Xarel.lo, Macabeo &amp; Parellada <strong><em>3.5\u20ac<\/em><\/strong> <strong><em>19\u20ac<\/em><\/strong><br\/>Pure pear on the palate with notes of pastries. Super fine <\/p>\n\n\n\n<p>Flama d&#8217;Or Brut Ros\u00e9 DO Cava-Trepat <strong><em>3.5\u20ac<\/em><\/strong> <strong><em>19\u20ac<\/em><\/strong><br\/>Smell of fresh roses, taste of watermelon and strawberries super greedy<\/p>\n\n\n\n<p>Flama d&#8217;Or Brut Nature DO Cava-Xarel.lo, Macabeo &amp; Parellada <strong><em>3.5\u20ac<\/em><\/strong> <strong><em>19\u20ac<\/em><\/strong><br\/>Our driest cava with green apple and floral, super fresh.<\/p>\n\n\n\n<p>Sol de Nit Charmat White or Ros\u00e9 -Same varieties as cava <strong><em>14\u20ac<\/em><\/strong><br\/>With notes of tropical fruits and sweets, very sweet.<\/p>\n\n\n\n<h4 class=\"wp-block-heading\">OF SHERRY WITH CHIRIGOTAS<\/h4>\n\n\n\n<p>Fino Jarana de Lustau-Palomino <strong><em>3.5\u20ac<\/em><\/strong> <strong><em>27\u20ac<\/em><\/strong><br\/>Pale straw color, sharp, almondy and mineral aroma.<\/p>\n\n\n\n<p>Manzanilla &#8220;Papirusa&#8221; of Lustau-Palomino <strong><em>3.5\u20ac<\/em><\/strong> <strong><em>27\u20ac<\/em><\/strong><br\/>The reflected sea breeze of Sanl\u00facar de Barrameda, salinity as a flag.<\/p>\n\n\n\n<p>Oloroso Bailen of Osborne-Palomino <strong><em>3.5\u20ac<\/em><\/strong> <strong><em>27\u20ac<\/em><\/strong><br\/>Aromatic notes of vanilla, walnuts and old oak hull<\/p>\n\n\n\n<h4 class=\"wp-block-heading\">WITH A LITTLE BIT OF COLOR<\/h4>\n\n\n\n<p>Cossetania Ros\u00e9 DO Pened\u00e8s-Merlot <strong><em>3.5\u20ac<\/em><\/strong> <strong><em>19\u20ac<\/em><\/strong><br\/>Floral notes of cherry and jelly beans on the palate<\/p>\n\n\n\n<p>Augustus Primer Rosat DO Pened\u00e8s-Cabernet sauvignon, Merlot <strong><em>23\u20ac<\/em><\/strong><br\/>With good structure strawberry, watermelon and balanced sweet notes<\/p>\n\n\n\n<h4 class=\"wp-block-heading\">TAPAS TARGETS<\/h4>\n\n\n\n<p>Peramor DO Rueda-Verdejo <strong><em>3.5\u20ac<\/em><\/strong> <strong><em>19\u20ac<\/em><\/strong><br\/>Fresh fruit with herbaceous and acidic notes.<\/p>\n\n\n\n<p>Cosset\u00e0nia DO Pened\u00e8s-Xarel.lo <strong><em>3.5\u20ac<\/em><\/strong> <strong><em>20\u20ac<\/em><\/strong><br\/>The pineapple party in the mouth with its tropical family in attendance<\/p>\n\n\n\n<p>Castell d&#8217;Or DO Terra Alta-White grenache <strong><em>3.5\u20ac<\/em><\/strong> <strong><em>20\u20ac<\/em><\/strong><br\/>Full-bodied and well-structured, orchard fruit and citrus.<\/p>\n\n\n\n<p>Mariol Verdejo DO Terra Alta-Verdejo <strong><em>18\u20ac<\/em><\/strong><br\/>Tropical fruit and hints of pineapple, super light.<\/p>\n\n\n\n<p>Frey\u00e9 DO Pened\u00e8s-Muscat &amp; Parellada <strong><em>23\u20ac<\/em><\/strong><br\/>Fruity with stone fruit present, peach<\/p>\n\n\n\n<p>Augustus Primer Blanc DO Pened\u00e8s-Xarel.lo sauvignon blanc &amp; Muscat <strong><em>22\u20ac<\/em><\/strong><br\/>White fruit with a very Mediterranean herbaceous background<\/p>\n\n\n\n<p>Ramon Bilbao Rueda-Verdejo DO <strong><em>21\u20ac<\/em><\/strong><br\/>Fennel and aniseed with white fruit<\/p>\n\n\n\n<p>La Conilla DO Montsant-Macabeu and Garnacha blanca <strong><em>21\u20ac<\/em><\/strong><br\/>Mineral and aromatic gastronomic wine<\/p>\n\n\n\n<p>Montecillo fermented in barrel DOC Rioja-Viura, S. Blanc, White Tempranillo <strong><em>24\u20ac<\/em><\/strong><br\/>Passion fruit and grapefruit with a fresh and balanced acidity.<\/p>\n\n\n\n<p>Pazo Se\u00f1orans DO Rias Baixas-Albari\u00f1o <strong><em>36\u20ac<\/em><\/strong><br\/>Floral with fresh ripe fruit and mineral<\/p>\n\n\n\n<p>Rocafosca Blanc DOQ Priorat-Garnatxa, Macabeo, Pedro Ximenez, Muscatel <strong><em>34\u20ac<\/em><\/strong><br\/>Citrus and notes of toasted nuts with some smoky notes<\/p>\n\n\n\n<h4 class=\"wp-block-heading\"><\/h4>\n<\/div>\n\n\n\n<div class=\"wp-block-column CARTA is-layout-flow wp-block-column-is-layout-flow\">\n<h4 class=\"wp-block-heading\">TINCTURE OF THE &#8220;GUENO&#8221;.<\/h4>\n\n\n\n<p>Cosset\u00e0nia DO Pened\u00e8s-Cabernet Sauvignon, Merlot <strong><em>3.5\u20ac<\/em><\/strong> <strong><em>20\u20ac<\/em><\/strong><br\/>Red fruit and spices, warm with good structure.<\/p>\n\n\n\n<p>Templer DO Montsant-Grenache and Carignan <strong><em>3.8\u20ac<\/em><\/strong> <strong><em>22\u20ac<\/em><\/strong><br\/>Red and forest fruit well combined with minerality.<\/p>\n\n\n\n<p>Dorium Roble Thesaurus DO Ribera del Duero-Tinta Fina <strong><em>4\u20ac<\/em><\/strong> <strong><em>23\u20ac<\/em><\/strong><br\/>Ripe fruit with notes of vanilla and smoky oak.<\/p>\n\n\n\n<p>Beronia Crianza DOC Rioja-Tempranillo, Garnacha, Graciano <strong><em>4\u20ac<\/em><\/strong> <strong><em>23\u20ac<\/em><\/strong><br\/>Ripe and lively red fruit with a structured mouthfeel<\/p>\n\n\n\n<p>Mariol Crianza DO Terra Alta-Carignan <strong><em>21\u20ac<\/em><\/strong><br\/>Matured forest fruit, with notes of coconut, clove and spices.<\/p>\n\n\n\n<p>Mauro DO Castilla y Le\u00f3n-Tempranillo, Syrah, Cabernet Sauvignon, Graciano <strong><em>70\u20ac<\/em><\/strong><br\/>Light, candied red fruit with well-integrated tannin<\/p>\n\n\n\n<p>Esplugen DOQ Priorat-Carignan and Grenache <strong><em>24\u20ac<\/em><\/strong><br\/>Classic Priorat profile with 10 months in barrel, complex and full-bodied.<\/p>\n\n\n\n<p>Augustus Primer Negre DO Pened\u00e8s-Merlot, Garnatxa and Tempranillo <strong><em>24\u20ac<\/em><\/strong><br\/>Floral aromas such as violet and intense flavors of redcurrant and cherries<\/p>\n\n\n\n<p>Montecillo Crianza DOC Rioja-Tempranillo, Mazuelo <strong><em>23\u20ac<\/em><\/strong><br\/>Red fruit and balanced acidity, pleasant in the mouth<\/p>\n\n\n\n<p>Azpilicueta Crianza DOC Rioja-Tempranillo, Graciano, Mazuelo <strong><em>25\u20ac<\/em><\/strong><br\/>Toasted wood with vanilla and its marked red fruits<\/p>\n\n\n\n<p>Ram\u00f3n Bilbao Crianza DOC Rioja-Tempranillo <strong><em>22\u20ac<\/em><\/strong><br\/>Red fruit, notes of oak with vanilla and licorice<\/p>\n\n\n\n<p>Augustus Cabernet Franc DO Pened\u00e8s-Cabernet Franc <strong><em>30\u20ac<\/em><\/strong><br\/>Very marked violet with ripe red and forest fruits, well integrated wood.<\/p>\n\n\n\n<p>Abad\u00eda Retuerta Selecci\u00f3n Especial DO Abad\u00eda Retuerta-Tempranillo, C.S., Syrah <strong><em>48\u20ac<\/em><\/strong><br\/>Perfumed with hints of black and candied red fruit with well-integrated oak.<\/p>\n\n\n\n<p>Emilio Moro La Felisa DO Ribera del Duero-Tempranillo <strong><em>55\u20ac<\/em><\/strong><br\/>Very lively fruit persistent with delicate aromas from its time in oak barrels<\/p>\n\n\n\n<h4 class=\"wp-block-heading\">FOR AFTER DINNER<\/h4>\n\n\n\n<p>San Emilio PX Lustau-Pedro Ximenez <strong><em>4\u20ac<\/em><\/strong> <strong><em>39\u20ac<\/em><\/strong><\/p>\n\n\n\n<p>Solera 1847 Cream Gonzalez Byass-Palomino fino, Pedro Ximenez <strong><em>4\u20ac<\/em><\/strong> <strong><em>39\u20ac<\/em><\/strong><\/p>\n\n\n\n<h4 class=\"wp-block-heading\">VERY MUCH OUR OWN, THE SANGRIAS AND THEIR COUSINS<\/h4>\n\n\n\n<p>Sangria TINTO LOLEA <strong><em>17\u20ac<\/em><\/strong><\/p>\n\n\n\n<p>Sangria LOLEA White Spritz Citrus Spritz <strong><em>18\u20ac<\/em><\/strong><\/p>\n\n\n\n<p>Cava Sangria 1L <strong><em>19\u20ac<\/em><\/strong><\/p>\n\n\n\n<p>Rebujito Fino Croft Twist <strong><em>16\u20ac<\/em><\/strong><\/p>\n\n\n\n<p>Glass of Tinto de Verano <strong><em>4\u20ac<\/em><\/strong><\/p>\n<\/div>\n<\/div>\n<\/div><\/div>\n","protected":false},"excerpt":{"rendered":"","protected":false},"author":1,"featured_media":0,"parent":0,"menu_order":0,"comment_status":"closed","ping_status":"closed","template":"","meta":{"footnotes":""},"class_list":["post-817","page","type-page","status-publish","hentry"],"_links":{"self":[{"href":"https:\/\/lajarta.com\/en\/wp-json\/wp\/v2\/pages\/817","targetHints":{"allow":["GET"]}}],"collection":[{"href":"https:\/\/lajarta.com\/en\/wp-json\/wp\/v2\/pages"}],"about":[{"href":"https:\/\/lajarta.com\/en\/wp-json\/wp\/v2\/types\/page"}],"author":[{"embeddable":true,"href":"https:\/\/lajarta.com\/en\/wp-json\/wp\/v2\/users\/1"}],"replies":[{"embeddable":true,"href":"https:\/\/lajarta.com\/en\/wp-json\/wp\/v2\/comments?post=817"}],"version-history":[{"count":23,"href":"https:\/\/lajarta.com\/en\/wp-json\/wp\/v2\/pages\/817\/revisions"}],"predecessor-version":[{"id":3953,"href":"https:\/\/lajarta.com\/en\/wp-json\/wp\/v2\/pages\/817\/revisions\/3953"}],"wp:attachment":[{"href":"https:\/\/lajarta.com\/en\/wp-json\/wp\/v2\/media?parent=817"}],"curies":[{"name":"wp","href":"https:\/\/api.w.org\/{rel}","templated":true}]}}